{"id":1002,"date":"2014-12-02T12:02:26","date_gmt":"2014-12-02T11:02:26","guid":{"rendered":"http:\/\/www.neverending.eu\/?page_id=1002"},"modified":"2024-10-25T21:55:16","modified_gmt":"2024-10-25T19:55:16","slug":"prix-courant","status":"publish","type":"page","link":"https:\/\/www.praguerentacar.cz\/fr\/prix-courant\/","title":{"rendered":"PRIX-COURANT"},"content":{"rendered":"<p>[et_pb_section fb_built=\u00a0\u00bb1&Prime; _builder_version=\u00a0\u00bb4.16&Prime; global_colors_info=\u00a0\u00bb{}\u00a0\u00bb][et_pb_row _builder_version=\u00a0\u00bb4.16&Prime; background_size=\u00a0\u00bbinitial\u00a0\u00bb background_position=\u00a0\u00bbtop_left\u00a0\u00bb background_repeat=\u00a0\u00bbrepeat\u00a0\u00bb global_colors_info=\u00a0\u00bb{}\u00a0\u00bb][et_pb_column type=\u00a0\u00bb4_4&Prime; _builder_version=\u00a0\u00bb4.16&Prime; custom_padding=\u00a0\u00bb|||\u00a0\u00bb global_colors_info=\u00a0\u00bb{}\u00a0\u00bb custom_padding__hover=\u00a0\u00bb|||\u00a0\u00bb][et_pb_text _builder_version=\u00a0\u00bb4.16&Prime; background_size=\u00a0\u00bbinitial\u00a0\u00bb background_position=\u00a0\u00bbtop_left\u00a0\u00bb background_repeat=\u00a0\u00bbrepeat\u00a0\u00bb inline_fonts=\u00a0\u00bbAsap,Teko\u00a0\u00bb global_colors_info=\u00a0\u00bb{}\u00a0\u00bb]<\/p>\n<h1 style=\"text-align: center;\"><span style=\"font-family: Teko; font-weight: normal;\">Prix-courant<\/span><\/h1>\n<p>Merci d&rsquo;avoir choisi notre soci\u00e9t\u00e9 de location de voitures pour choisir une voiture \u00e0 louer. Nous louons des voitures depuis 2006 ! Vous pouvez choisir le tarif qui vous convient le mieux.<\/p>\n<p>Nous avons d\u00e9cid\u00e9 de simplifier consid\u00e9rablement la liste de prix afin que tout soit rapide et clair. Nouveaut\u00e9, la location de voiture comprend un nombre de km* illimit\u00e9, que nous avons laiss\u00e9 aux tarifs d&rsquo;origine avec une limite ! Ainsi, vous pouvez profiter de prix r\u00e9duits illimit\u00e9s ! La livraison et le retour de la voiture \u00e0 Prague sont toujours GRATUITS.<\/p>\n<p>*La seule exception concerne les locations \u00e0 la journ\u00e9e, pour lesquelles nous avons \u00e9t\u00e9 contraints d&rsquo;introduire une limite g\u00e9n\u00e9reuse de 600 km gratuits. Vous payez 2,4 CZK pour chaque kilom\u00e8tre suppl\u00e9mentaire au-del\u00e0 de 600 km.<\/p>\n<p>La seule limite concerne les v\u00e9hicules utilitaires, pour lesquels le prix pour la R\u00e9publique tch\u00e8que s&rsquo;applique. Le prix apr\u00e8s l&rsquo;UE est un peu plus \u00e9lev\u00e9, mais il reste toujours inf\u00e9rieur \u00e0 celui des autres soci\u00e9t\u00e9s de location de voitures, et l\u00e0 encore sans limite de kilom\u00e9trage. Pour les camionnettes et les v\u00e9hicules utilitaires, nous avons pr\u00e9par\u00e9 pour vous un nouveau site Internet afin que tout soit clair. Alors jetez un \u0153il \u00e0 www.pujcovna-dodavek-asap.cz.<\/p>\n<p>&nbsp;<\/p>\n<p>&nbsp;<\/p>\n<p>&nbsp;<\/p>\n<style>\r\n    @media only screen and (max-width: 600px) {\r\n        .vypis-table td:nth-of-type(1):before { content: \"Cat\u00e9gorie\"; margin-top:5px; }\r\n        .vypis-table td:nth-of-type(2):before { content: \"Type de voiture\"; margin-top:5px; }\r\n        .vypis-table td:nth-of-type(3):before { content: \"porte\"; margin-top:5px; }\r\n        .vypis-table td:nth-of-type(4):before { \r\n        content: \"\"; \r\n        background: url(\"https:\/\/www.praguerentacar.cz\/wp-content\/plugins\/autopujcovna-main\/includes\/shortcodes\/assets\/img\/logo_prevodovka.PNG\"); \r\n        position: absolute; \r\n        z-index: 100000; \r\n        left: 18%; \r\n        height: 30px; \r\n        width: 30px; \r\n        background-size: cover; \r\n    }\r\n        .vypis-table td:nth-of-type(5):before { \r\n        content: \"\"; \r\n        background: url(\"https:\/\/www.praguerentacar.cz\/wp-content\/plugins\/autopujcovna-main\/includes\/shortcodes\/assets\/img\/logo_ac.PNG\"); \r\n        position: absolute; \r\n        z-index: 100000; \r\n        left: 18%; \r\n        height: 30px; \r\n        width: 30px; \r\n        background-size: cover; \r\n    }\r\n        .vypis-table td:nth-of-type(6):before { \r\n        content: \"\"; \r\n        background: url(\"https:\/\/www.praguerentacar.cz\/wp-content\/plugins\/autopujcovna-main\/includes\/shortcodes\/assets\/img\/logo_lidi.PNG\"); \r\n        position: absolute; \r\n        z-index: 100000; \r\n        left: 18%; \r\n        height: 30px; \r\n        width: 30px; \r\n        background-size: cover; \r\n    }\r\n        .vypis-table td:nth-of-type(7):before,\r\n        .vypis-table td:nth-of-type(8):before { content: \"1-2 jour\"; }\r\n        .vypis-table td:nth-of-type(9):before,\r\n        .vypis-table td:nth-of-type(10):before { content: \"3-6 jour\"; }\r\n        .vypis-table td:nth-of-type(11):before,\r\n        .vypis-table td:nth-of-type(12):before { content: \"7-30 jour\"; }\r\n        .vypis-table td:nth-of-type(13):before,\r\n        .vypis-table td:nth-of-type(14):before { content: \"31+ mois\"; }\r\n    }\r\n<\/style><div id=\"cenik\">\r\n            <div class=\"cenik-ovladac\">\r\n                <div class=\"cenik-leva\">\r\n                    <div class=\"cenik-nadpis ovl-li\" attr=\"sks\">PRIX AVEC TVA<\/div>\r\n                <\/div>\r\n                <div class=\"cenik-prava\">\r\n                    <div class=\"cenik-nadpis ovl-li\" attr=\"bks\">PRIX SANS TVA<\/div>\r\n                <\/div>\r\n            <\/div>\r\n            <div id=\"vypis\">\r\n                <div class=\"vypis-nadpis sks \">PRIX AVEC TVA<\/div>\r\n                <div class=\"vypis-nadpis bks\">PRIX SANS TVA<\/div>\r\n            <\/div><table class=\"vypis-table sks skb bks bkb sds sdb bds bdb\" role=\"table\" id=\"scrollto\"><thead role=\"rowgroup\"><tr style=\"height:0px;\" role=\"row\"><th rowspan=\"2\" role=\"columnheader\">Cat\u00e9gorie<\/th><th rowspan=\"2\" role=\"columnheader\">Type de voiture<\/th><th rowspan=\"2\" role=\"columnheader\">porte<\/th><th rowspan=\"2\" role=\"columnheader\"><img decoding=\"async\" src=\"https:\/\/www.praguerentacar.cz\/wp-content\/plugins\/autopujcovna-main\/includes\/shortcodes\/assets\/img\/logo_prevodovka.png\" title=\"p\u0159evodovka\"\/><\/th><th rowspan=\"2\" role=\"columnheader\"><img decoding=\"async\" src=\"https:\/\/www.praguerentacar.cz\/wp-content\/plugins\/autopujcovna-main\/includes\/shortcodes\/assets\/img\/logo_ac.png\" title=\"klimatizace\"\/><\/th><th rowspan=\"2\" role=\"columnheader\"><img decoding=\"async\" src=\"https:\/\/www.praguerentacar.cz\/wp-content\/plugins\/autopujcovna-main\/includes\/shortcodes\/assets\/img\/logo_lidi.png\" title=\"Po\u010det osob\"\/><\/th><th colspan=\"4\" class=\"sks skb bks bkb\" role=\"columnheader\">Prix \u200b\u200ben CZK par jour<\/th><th colspan=\"4\" class=\"sds sdb bds bdb\" role=\"columnheader\">Prix \u200b\u200ben CZK par mois<\/th><th rowspan=\"2\" role=\"columnheader\"><\/th><\/tr><tr style=\"border:none;height:0px;\" role=\"row\" role=\"columnheader\"><th class=\"sks bks\">1-2<\/th><th class=\"sks bks\">3-6<\/th><th class=\"sks bks\">7-30<\/th><th class=\"sks bks\">31+<\/th><\/tr><\/thead><tbody role=\"rowgroup\"><tr role=\"row\"><td>\u00c9conomique<\/td><td role=\"cell\">\u0160koda Citigo<\/td><td role=\"cell\">3<\/td><td role=\"cell\">manuelle<\/td><td role=\"cell\">Non<\/td><td role=\"cell\">4<\/td><td role=\"cell\" class=\"sks\">908<\/td><td role=\"cell\" class=\"bks\">750<\/td><td role=\"cell\" class=\"sks\">847<\/td><td role=\"cell\" class=\"bks\">700<\/td><td role=\"cell\" class=\"sks\">726<\/td><td role=\"cell\" class=\"bks\">600<\/td><td role=\"cell\" class=\"sks\">13915<\/td><td role=\"cell\" class=\"bks\">11500<\/td><td role=\"cell\"><a class=\"tlac-rez\" href=\"https:\/\/www.praguerentacar.cz\/fr\/rezervace\/?car=5884\">r\u00e9servation<\/a><\/td><\/tr><tr role=\"row\"><td>\u00c9conomique<\/td><td role=\"cell\">\u0160koda Fabia<\/td><td role=\"cell\">4<\/td><td role=\"cell\">manuelle<\/td><td role=\"cell\">Oui<\/td><td role=\"cell\">5<\/td><td role=\"cell\" class=\"sks\">1089<\/td><td role=\"cell\" class=\"bks\">900<\/td><td role=\"cell\" class=\"sks\">1029<\/td><td role=\"cell\" class=\"bks\">850<\/td><td role=\"cell\" class=\"sks\">968<\/td><td role=\"cell\" class=\"bks\">800<\/td><td role=\"cell\" class=\"sks\">16940<\/td><td role=\"cell\" class=\"bks\">14000<\/td><td role=\"cell\"><a class=\"tlac-rez\" href=\"https:\/\/www.praguerentacar.cz\/fr\/rezervace\/?car=5893\">r\u00e9servation<\/a><\/td><\/tr><tr role=\"row\"><td>Standard<\/td><td role=\"cell\">Renault Clio automat<\/td><td role=\"cell\">3<\/td><td role=\"cell\">automatique<\/td><td role=\"cell\">Oui<\/td><td role=\"cell\">5<\/td><td role=\"cell\" class=\"sks\">1089<\/td><td role=\"cell\" class=\"bks\">900<\/td><td role=\"cell\" class=\"sks\">1029<\/td><td role=\"cell\" class=\"bks\">850<\/td><td role=\"cell\" class=\"sks\">968<\/td><td role=\"cell\" class=\"bks\">800<\/td><td role=\"cell\" class=\"sks\">16940<\/td><td role=\"cell\" class=\"bks\">14000<\/td><td role=\"cell\"><a class=\"tlac-rez\" href=\"https:\/\/www.praguerentacar.cz\/fr\/rezervace\/?car=5902\">r\u00e9servation<\/a><\/td><\/tr><tr role=\"row\"><td>\u00c9conomique<\/td><td role=\"cell\">\u0160koda Fabia combi<\/td><td role=\"cell\">5<\/td><td role=\"cell\">manuelle<\/td><td role=\"cell\">Oui<\/td><td role=\"cell\">5<\/td><td role=\"cell\" class=\"sks\">1089<\/td><td role=\"cell\" class=\"bks\">900<\/td><td role=\"cell\" class=\"sks\">1029<\/td><td role=\"cell\" class=\"bks\">850<\/td><td role=\"cell\" class=\"sks\">968<\/td><td role=\"cell\" class=\"bks\">800<\/td><td role=\"cell\" class=\"sks\">18150<\/td><td role=\"cell\" class=\"bks\">15000<\/td><td role=\"cell\"><a class=\"tlac-rez\" href=\"https:\/\/www.praguerentacar.cz\/fr\/rezervace\/?car=5911\">r\u00e9servation<\/a><\/td><\/tr><tr role=\"row\"><td>Standard<\/td><td role=\"cell\">Hyundai i30 combi<\/td><td role=\"cell\">5<\/td><td role=\"cell\">manuelle<\/td><td role=\"cell\">Oui<\/td><td role=\"cell\">5<\/td><td role=\"cell\" class=\"sks\">1271<\/td><td role=\"cell\" class=\"bks\">1050<\/td><td role=\"cell\" class=\"sks\">1150<\/td><td role=\"cell\" class=\"bks\">950<\/td><td role=\"cell\" class=\"sks\">1029<\/td><td role=\"cell\" class=\"bks\">850<\/td><td role=\"cell\" class=\"sks\">21780<\/td><td role=\"cell\" class=\"bks\">18000<\/td><td role=\"cell\"><a class=\"tlac-rez\" href=\"https:\/\/www.praguerentacar.cz\/fr\/rezervace\/?car=5920\">r\u00e9servation<\/a><\/td><\/tr><tr role=\"row\"><td>Standard<\/td><td role=\"cell\">Renault Megan combi automat<\/td><td role=\"cell\">5<\/td><td role=\"cell\">automatique<\/td><td role=\"cell\">Oui<\/td><td role=\"cell\">5<\/td><td role=\"cell\" class=\"sks\">1271<\/td><td role=\"cell\" class=\"bks\">1050<\/td><td role=\"cell\" class=\"sks\">1150<\/td><td role=\"cell\" class=\"bks\">950<\/td><td role=\"cell\" class=\"sks\">1029<\/td><td role=\"cell\" class=\"bks\">850<\/td><td role=\"cell\" class=\"sks\">21780<\/td><td role=\"cell\" class=\"bks\">18000<\/td><td role=\"cell\"><a class=\"tlac-rez\" href=\"https:\/\/www.praguerentacar.cz\/fr\/rezervace\/?car=5929\">r\u00e9servation<\/a><\/td><\/tr><tr role=\"row\"><td>Standard<\/td><td role=\"cell\">Renault Megan combi<\/td><td role=\"cell\">5<\/td><td role=\"cell\">manuelle<\/td><td role=\"cell\">Oui<\/td><td role=\"cell\">5<\/td><td role=\"cell\" class=\"sks\">1271<\/td><td role=\"cell\" class=\"bks\">1050<\/td><td role=\"cell\" class=\"sks\">1150<\/td><td role=\"cell\" class=\"bks\">950<\/td><td role=\"cell\" class=\"sks\">1029<\/td><td role=\"cell\" class=\"bks\">850<\/td><td role=\"cell\" class=\"sks\">21780<\/td><td role=\"cell\" class=\"bks\">18000<\/td><td role=\"cell\"><a class=\"tlac-rez\" href=\"https:\/\/www.praguerentacar.cz\/fr\/rezervace\/?car=5938\">r\u00e9servation<\/a><\/td><\/tr><tr role=\"row\"><td>L' affaires<\/td><td role=\"cell\">Opel Astra combi<\/td><td role=\"cell\">5<\/td><td role=\"cell\">manuelle<\/td><td role=\"cell\">Oui<\/td><td role=\"cell\">5<\/td><td role=\"cell\" class=\"sks\">1331<\/td><td role=\"cell\" class=\"bks\">1100<\/td><td role=\"cell\" class=\"sks\">1210<\/td><td role=\"cell\" class=\"bks\">1000<\/td><td role=\"cell\" class=\"sks\">1150<\/td><td role=\"cell\" class=\"bks\">950<\/td><td role=\"cell\" class=\"sks\">24200<\/td><td role=\"cell\" class=\"bks\">20000<\/td><td role=\"cell\"><a class=\"tlac-rez\" href=\"https:\/\/www.praguerentacar.cz\/fr\/rezervace\/?car=5947\">r\u00e9servation<\/a><\/td><\/tr><tr role=\"row\"><td>L' affaires<\/td><td role=\"cell\">\u0160koda Octavia combi<\/td><td role=\"cell\">5<\/td><td role=\"cell\">manuelle<\/td><td role=\"cell\">Oui<\/td><td role=\"cell\">5<\/td><td role=\"cell\" class=\"sks\">1331<\/td><td role=\"cell\" class=\"bks\">1100<\/td><td role=\"cell\" class=\"sks\">1210<\/td><td role=\"cell\" class=\"bks\">1000<\/td><td role=\"cell\" class=\"sks\">1150<\/td><td role=\"cell\" class=\"bks\">950<\/td><td role=\"cell\" class=\"sks\">25410<\/td><td role=\"cell\" class=\"bks\">21000<\/td><td role=\"cell\"><a class=\"tlac-rez\" href=\"https:\/\/www.praguerentacar.cz\/fr\/rezervace\/?car=5956\">r\u00e9servation<\/a><\/td><\/tr><tr role=\"row\"><td>L' affaires<\/td><td role=\"cell\">Toyota Avensis combi<\/td><td role=\"cell\">5<\/td><td role=\"cell\">manuelle<\/td><td role=\"cell\">Oui<\/td><td role=\"cell\">5<\/td><td role=\"cell\" class=\"sks\">1331<\/td><td role=\"cell\" class=\"bks\">1100<\/td><td role=\"cell\" class=\"sks\">1271<\/td><td role=\"cell\" class=\"bks\">1050<\/td><td role=\"cell\" class=\"sks\">1150<\/td><td role=\"cell\" class=\"bks\">950<\/td><td role=\"cell\" class=\"sks\">25410<\/td><td role=\"cell\" class=\"bks\">21000<\/td><td role=\"cell\"><a class=\"tlac-rez\" href=\"https:\/\/www.praguerentacar.cz\/fr\/rezervace\/?car=5965\">r\u00e9servation<\/a><\/td><\/tr><tr role=\"row\"><td>Standard<\/td><td role=\"cell\">Toyota Auris Hybrid<\/td><td role=\"cell\">5<\/td><td role=\"cell\">automatique<\/td><td role=\"cell\">Oui<\/td><td role=\"cell\">5<\/td><td role=\"cell\" class=\"sks\">1392<\/td><td role=\"cell\" class=\"bks\">1150<\/td><td role=\"cell\" class=\"sks\">1331<\/td><td role=\"cell\" class=\"bks\">1100<\/td><td role=\"cell\" class=\"sks\">1271<\/td><td role=\"cell\" class=\"bks\">1050<\/td><td role=\"cell\" class=\"sks\">26620<\/td><td role=\"cell\" class=\"bks\">22000<\/td><td role=\"cell\"><a class=\"tlac-rez\" href=\"https:\/\/www.praguerentacar.cz\/fr\/rezervace\/?car=5974\">r\u00e9servation<\/a><\/td><\/tr><tr role=\"row\"><td>Standard<\/td><td role=\"cell\">Toyota Corolla Hybrid combi<\/td><td role=\"cell\">5<\/td><td role=\"cell\">automatique<\/td><td role=\"cell\">Oui<\/td><td role=\"cell\">5<\/td><td role=\"cell\" class=\"sks\">1392<\/td><td role=\"cell\" class=\"bks\">1150<\/td><td role=\"cell\" class=\"sks\">1331<\/td><td role=\"cell\" class=\"bks\">1100<\/td><td role=\"cell\" class=\"sks\">1271<\/td><td role=\"cell\" class=\"bks\">1050<\/td><td role=\"cell\" class=\"sks\">26620<\/td><td role=\"cell\" class=\"bks\">22000<\/td><td role=\"cell\"><a class=\"tlac-rez\" href=\"https:\/\/www.praguerentacar.cz\/fr\/rezervace\/?car=5983\">r\u00e9servation<\/a><\/td><\/tr><tr role=\"row\"><td>Standard<\/td><td role=\"cell\">\u0160koda Octavia combi automat<\/td><td role=\"cell\">5<\/td><td role=\"cell\">automatique<\/td><td role=\"cell\">Oui<\/td><td role=\"cell\">5<\/td><td role=\"cell\" class=\"sks\">1452<\/td><td role=\"cell\" class=\"bks\">1200<\/td><td role=\"cell\" class=\"sks\">1392<\/td><td role=\"cell\" class=\"bks\">1150<\/td><td role=\"cell\" class=\"sks\">1331<\/td><td role=\"cell\" class=\"bks\">1100<\/td><td role=\"cell\" class=\"sks\">29040<\/td><td role=\"cell\" class=\"bks\">24000<\/td><td role=\"cell\"><a class=\"tlac-rez\" href=\"https:\/\/www.praguerentacar.cz\/fr\/rezervace\/?car=5992\">r\u00e9servation<\/a><\/td><\/tr><tr role=\"row\"><td>Standard<\/td><td role=\"cell\">\u0160koda Kodiaq, automat<\/td><td role=\"cell\">5<\/td><td role=\"cell\">automatique<\/td><td role=\"cell\">Oui<\/td><td role=\"cell\">7<\/td><td role=\"cell\" class=\"sks\">4235<\/td><td role=\"cell\" class=\"bks\">3500<\/td><td role=\"cell\" class=\"sks\">3993<\/td><td role=\"cell\" class=\"bks\">3300<\/td><td role=\"cell\" class=\"sks\">3751<\/td><td role=\"cell\" class=\"bks\">3100<\/td><td role=\"cell\" class=\"sks\">42350<\/td><td role=\"cell\" class=\"bks\">35000<\/td><td role=\"cell\"><a class=\"tlac-rez\" href=\"https:\/\/www.praguerentacar.cz\/fr\/rezervace\/?car=6001\">r\u00e9servation<\/a><\/td><\/tr><tr role=\"row\"><td>Multiplaces<\/td><td role=\"cell\">Toyota Proace combi L &#8211; 9 m\u00edst, manual<\/td><td role=\"cell\">5<\/td><td role=\"cell\">manuelle<\/td><td role=\"cell\">Oui<\/td><td role=\"cell\">9<\/td><td role=\"cell\" class=\"sks\">3025<\/td><td role=\"cell\" class=\"bks\">2500<\/td><td role=\"cell\" class=\"sks\">2844<\/td><td role=\"cell\" class=\"bks\">2350<\/td><td role=\"cell\" class=\"sks\">2541<\/td><td role=\"cell\" class=\"bks\">2100<\/td><td role=\"cell\" class=\"sks\">33880<\/td><td role=\"cell\" class=\"bks\">28000<\/td><td role=\"cell\"><a class=\"tlac-rez\" href=\"https:\/\/www.praguerentacar.cz\/fr\/rezervace\/?car=6010\">r\u00e9servation<\/a><\/td><\/tr><tr role=\"row\"><td>Multiplaces<\/td><td role=\"cell\">Toyota Proace Verso L2 \u2013 9 m\u00edst, automat<\/td><td role=\"cell\">5<\/td><td role=\"cell\">automatique<\/td><td role=\"cell\">Oui<\/td><td role=\"cell\">9<\/td><td role=\"cell\" class=\"sks\">3025<\/td><td role=\"cell\" class=\"bks\">2500<\/td><td role=\"cell\" class=\"sks\">2844<\/td><td role=\"cell\" class=\"bks\">2350<\/td><td role=\"cell\" class=\"sks\">2541<\/td><td role=\"cell\" class=\"bks\">2100<\/td><td role=\"cell\" class=\"sks\">33880<\/td><td role=\"cell\" class=\"bks\">28000<\/td><td role=\"cell\"><a class=\"tlac-rez\" href=\"https:\/\/www.praguerentacar.cz\/fr\/rezervace\/?car=6019\">r\u00e9servation<\/a><\/td><\/tr><tr role=\"row\"><td>Multiplaces<\/td><td role=\"cell\">Renault Master 7 m\u00edst<\/td><td role=\"cell\">5<\/td><td role=\"cell\">manuelle<\/td><td role=\"cell\">Oui<\/td><td role=\"cell\">7<\/td><td role=\"cell\" class=\"sks\">3509<\/td><td role=\"cell\" class=\"bks\">2900<\/td><td role=\"cell\" class=\"sks\">3025<\/td><td role=\"cell\" class=\"bks\">2500<\/td><td role=\"cell\" class=\"sks\">2541<\/td><td role=\"cell\" class=\"bks\">2100<\/td><td role=\"cell\" class=\"sks\">38115<\/td><td role=\"cell\" class=\"bks\">31500<\/td><td role=\"cell\"><a class=\"tlac-rez\" href=\"https:\/\/www.praguerentacar.cz\/fr\/rezervace\/?car=6028\">r\u00e9servation<\/a><\/td><\/tr><tr role=\"row\"><td>Utilitaires<\/td><td role=\"cell\">Renault Kangoo<\/td><td role=\"cell\">3<\/td><td role=\"cell\">manuelle<\/td><td role=\"cell\">Oui<\/td><td role=\"cell\">2<\/td><td role=\"cell\" class=\"sks\">1089<\/td><td role=\"cell\" class=\"bks\">900<\/td><td role=\"cell\" class=\"sks\">1029<\/td><td role=\"cell\" class=\"bks\">850<\/td><td role=\"cell\" class=\"sks\">968<\/td><td role=\"cell\" class=\"bks\">800<\/td><td role=\"cell\" class=\"sks\">21780<\/td><td role=\"cell\" class=\"bks\">18000<\/td><td role=\"cell\"><a class=\"tlac-rez\" href=\"https:\/\/www.praguerentacar.cz\/fr\/rezervace\/?car=6037\">r\u00e9servation<\/a><\/td><\/tr><tr role=\"row\"><td>Utilitaires<\/td><td role=\"cell\">Renault Kangoo Express<\/td><td role=\"cell\">3<\/td><td role=\"cell\">manuelle<\/td><td role=\"cell\">Oui<\/td><td role=\"cell\">2<\/td><td role=\"cell\" class=\"sks\">1452<\/td><td role=\"cell\" class=\"bks\">1200<\/td><td role=\"cell\" class=\"sks\">1186<\/td><td role=\"cell\" class=\"bks\">980<\/td><td role=\"cell\" class=\"sks\">968<\/td><td role=\"cell\" class=\"bks\">800<\/td><td role=\"cell\" class=\"sks\">21780<\/td><td role=\"cell\" class=\"bks\">18000<\/td><td role=\"cell\"><a class=\"tlac-rez\" href=\"https:\/\/www.praguerentacar.cz\/fr\/rezervace\/?car=6046\">r\u00e9servation<\/a><\/td><\/tr><tr role=\"row\"><td>Utilitaires<\/td><td role=\"cell\">Renault Master L3H2P3<\/td><td role=\"cell\">3<\/td><td role=\"cell\">manuelle<\/td><td role=\"cell\">Oui<\/td><td role=\"cell\">3<\/td><td role=\"cell\" class=\"sks\">2178<\/td><td role=\"cell\" class=\"bks\">1800<\/td><td role=\"cell\" class=\"sks\">2178<\/td><td role=\"cell\" class=\"bks\">1800<\/td><td role=\"cell\" class=\"sks\">1815<\/td><td role=\"cell\" class=\"bks\">1500<\/td><td role=\"cell\" class=\"sks\">32670<\/td><td role=\"cell\" class=\"bks\">27000<\/td><td role=\"cell\"><a class=\"tlac-rez\" href=\"https:\/\/www.praguerentacar.cz\/fr\/rezervace\/?car=6055\">r\u00e9servation<\/a><\/td><\/tr><tr role=\"row\"><td>Standard<\/td><td role=\"cell\">\u0160koda Superb combi automat<\/td><td role=\"cell\">3<\/td><td role=\"cell\">automatique<\/td><td role=\"cell\">Oui<\/td><td role=\"cell\">3<\/td><td role=\"cell\" class=\"sks\">1876<\/td><td role=\"cell\" class=\"bks\">1550<\/td><td role=\"cell\" class=\"sks\">1755<\/td><td role=\"cell\" class=\"bks\">1450<\/td><td role=\"cell\" class=\"sks\">1573<\/td><td role=\"cell\" class=\"bks\">1300<\/td><td role=\"cell\" class=\"sks\">32670<\/td><td role=\"cell\" class=\"bks\">27000<\/td><td role=\"cell\"><a class=\"tlac-rez\" href=\"https:\/\/www.praguerentacar.cz\/fr\/rezervace\/?car=6064\">r\u00e9servation<\/a><\/td><\/tr><\/tbody><\/table><\/div>\n<p>&nbsp;<\/p>\n<div class=\"head_text\">\n<h2><strong>Caution<\/strong><\/h2>\n<\/div>\n<table style=\"height: 170px;\" width=\"695\" cellspacing=\"1\" cellpadding=\"01\" border=\"1\">\n<colgroup>\n<col width=\"152\" \/>\n<col width=\"116\" \/>\n<col width=\"64\" \/>\n<col width=\"90\" \/> <\/colgroup>\n<tbody>\n<tr>\n<td style=\"text-align: center;\" width=\"152\" height=\"26\"><\/td>\n<td style=\"text-align: center;\" width=\"116\"><strong>CZK<\/strong><\/td>\n<td style=\"text-align: center;\" width=\"64\"><strong>EUR<br \/><\/strong><\/td>\n<td style=\"text-align: center;\" width=\"90\"><strong>USD<\/strong><\/td>\n<\/tr>\n<tr>\n<td style=\"text-align: center;\" width=\"152\" height=\"26\"><strong>economy<\/strong><\/td>\n<td style=\"text-align: center;\">5000<\/td>\n<td style=\"text-align: center;\">200<\/td>\n<td style=\"text-align: center;\">250<\/td>\n<\/tr>\n<tr>\n<td style=\"text-align: center;\" width=\"152\" height=\"26\"><strong>standard<\/strong><\/td>\n<td style=\"text-align: center;\">10000<\/td>\n<td style=\"text-align: center;\">400<\/td>\n<td style=\"text-align: center;\">500<\/td>\n<\/tr>\n<tr>\n<td style=\"text-align: center;\" width=\"152\" height=\"26\"><strong>business<\/strong><\/td>\n<td style=\"text-align: center;\">10000<\/td>\n<td style=\"text-align: center;\">400<\/td>\n<td style=\"text-align: center;\">500<\/td>\n<\/tr>\n<tr>\n<td style=\"text-align: center;\" width=\"152\" height=\"26\"><strong>multiseats<\/strong><\/td>\n<td style=\"text-align: center;\">15000<\/td>\n<td style=\"text-align: center;\">600<\/td>\n<td style=\"text-align: center;\">750<\/td>\n<\/tr>\n<tr>\n<td style=\"text-align: center;\" width=\"152\" height=\"26\"><strong>u\u017eitkov\u00e9 \/ van<\/strong><\/td>\n<td style=\"text-align: center;\">10000 \u2013 15000<\/td>\n<td style=\"text-align: center;\">400 \u2013 600<\/td>\n<td style=\"text-align: center;\">500 \u2013 750<\/td>\n<\/tr>\n<\/tbody>\n<\/table>\n<p><strong>* 1 day = 24 hours<\/strong><\/p>\n<p>&nbsp;<\/p>\n<p>[\/et_pb_text][\/et_pb_column][\/et_pb_row][\/et_pb_section]<\/p>\n","protected":false},"excerpt":{"rendered":"<p>[et_pb_section fb_built=\u00a0\u00bb1&Prime; _builder_version=\u00a0\u00bb4.16&Prime; global_colors_info=\u00a0\u00bb{}\u00a0\u00bb][et_pb_row _builder_version=\u00a0\u00bb4.16&Prime; background_size=\u00a0\u00bbinitial\u00a0\u00bb background_position=\u00a0\u00bbtop_left\u00a0\u00bb background_repeat=\u00a0\u00bbrepeat\u00a0\u00bb global_colors_info=\u00a0\u00bb{}\u00a0\u00bb][et_pb_column type=\u00a0\u00bb4_4&Prime; _builder_version=\u00a0\u00bb4.16&Prime; custom_padding=\u00a0\u00bb|||\u00a0\u00bb global_colors_info=\u00a0\u00bb{}\u00a0\u00bb custom_padding__hover=\u00a0\u00bb|||\u00a0\u00bb][et_pb_text _builder_version=\u00a0\u00bb4.16&Prime; background_size=\u00a0\u00bbinitial\u00a0\u00bb background_position=\u00a0\u00bbtop_left\u00a0\u00bb background_repeat=\u00a0\u00bbrepeat\u00a0\u00bb inline_fonts=\u00a0\u00bbAsap,Teko\u00a0\u00bb global_colors_info=\u00a0\u00bb{}\u00a0\u00bb] Prix-courant Merci d&rsquo;avoir choisi notre soci\u00e9t\u00e9 de location de voitures pour choisir une voiture \u00e0 louer. Nous louons des voitures depuis 2006 ! Vous pouvez choisir le tarif qui vous convient le mieux. Nous avons [&hellip;]<\/p>\n","protected":false},"author":1,"featured_media":0,"parent":0,"menu_order":0,"comment_status":"closed","ping_status":"closed","template":"","meta":{"_et_pb_use_builder":"on","_et_pb_old_content":"","_et_gb_content_width":"","footnotes":""},"class_list":["post-1002","page","type-page","status-publish","hentry"],"_links":{"self":[{"href":"https:\/\/www.praguerentacar.cz\/fr\/wp-json\/wp\/v2\/pages\/1002","targetHints":{"allow":["GET"]}}],"collection":[{"href":"https:\/\/www.praguerentacar.cz\/fr\/wp-json\/wp\/v2\/pages"}],"about":[{"href":"https:\/\/www.praguerentacar.cz\/fr\/wp-json\/wp\/v2\/types\/page"}],"author":[{"embeddable":true,"href":"https:\/\/www.praguerentacar.cz\/fr\/wp-json\/wp\/v2\/users\/1"}],"replies":[{"embeddable":true,"href":"https:\/\/www.praguerentacar.cz\/fr\/wp-json\/wp\/v2\/comments?post=1002"}],"version-history":[{"count":9,"href":"https:\/\/www.praguerentacar.cz\/fr\/wp-json\/wp\/v2\/pages\/1002\/revisions"}],"predecessor-version":[{"id":5182,"href":"https:\/\/www.praguerentacar.cz\/fr\/wp-json\/wp\/v2\/pages\/1002\/revisions\/5182"}],"wp:attachment":[{"href":"https:\/\/www.praguerentacar.cz\/fr\/wp-json\/wp\/v2\/media?parent=1002"}],"curies":[{"name":"wp","href":"https:\/\/api.w.org\/{rel}","templated":true}]}}