{"id":1006,"date":"2014-12-02T12:04:02","date_gmt":"2014-12-02T11:04:02","guid":{"rendered":"http:\/\/www.neverending.eu\/?page_id=1006"},"modified":"2024-10-25T22:00:40","modified_gmt":"2024-10-25T20:00:40","slug":"listino-prezzi","status":"publish","type":"page","link":"https:\/\/www.praguerentacar.cz\/it\/listino-prezzi\/","title":{"rendered":"LISTINO PREZZI"},"content":{"rendered":"<p>[et_pb_section fb_built=&#8221;1&#8243; _builder_version=&#8221;4.16&#8243; global_colors_info=&#8221;{}&#8221;][et_pb_row _builder_version=&#8221;4.16&#8243; background_size=&#8221;initial&#8221; background_position=&#8221;top_left&#8221; background_repeat=&#8221;repeat&#8221; global_colors_info=&#8221;{}&#8221;][et_pb_column type=&#8221;4_4&#8243; _builder_version=&#8221;4.16&#8243; custom_padding=&#8221;|||&#8221; global_colors_info=&#8221;{}&#8221; custom_padding__hover=&#8221;|||&#8221;][et_pb_text _builder_version=&#8221;4.17.6&#8243; _module_preset=&#8221;default&#8221; header_font=&#8221;Teko||||||||&#8221; global_colors_info=&#8221;{}&#8221;]<\/p>\n<h1 style=\"text-align: center;\">LISTINO PREZZI<\/h1>\n<p>[\/et_pb_text][et_pb_text _builder_version=&#8221;4.16&#8243; background_size=&#8221;initial&#8221; background_position=&#8221;top_left&#8221; background_repeat=&#8221;repeat&#8221; custom_padding=&#8221;|||0px||&#8221; inline_fonts=&#8221;Asap&#8221; global_colors_info=&#8221;{}&#8221;]<\/p>\n<p>Grazie per aver scelto la nostra compagnia di autonoleggio per aver scelto un&#8217;auto da noleggiare. Noleggiamo auto dal 2006! Puoi scegliere la tariffa pi\u00f9 adatta a te.<\/p>\n<p>Abbiamo deciso di semplificare notevolmente il listino prezzi affinch\u00e9 tutto sia veloce e chiaro. Recentemente il noleggio auto prevede un numero illimitato di km*, che abbiamo lasciato ai prezzi originali con un limite! Cos\u00ec potrai usufruire di prezzi pi\u00f9 bassi illimitati! La consegna e la restituzione dell&#8217;auto a Praga sono ancora GRATUITE.<\/p>\n<p>*L&#8217;unica eccezione \u00e8 rappresentata dai noleggi per 1 giorno, per i quali siamo stati costretti a introdurre un generoso limite di 600 km gratuiti. Pagherai CZK 2,4 per ogni km aggiuntivo oltre i 600 km.<\/p>\n<p>L&#8217;unico limite \u00e8 per i veicoli commerciali, dove si applica il prezzo per la Repubblica Ceca. Dopo l&#8217;UE il prezzo \u00e8 leggermente pi\u00f9 alto, ma \u00e8 comunque inferiore a quello di altre societ\u00e0 di autonoleggio e sempre senza limite di chilometraggio. Per furgoni e veicoli commerciali abbiamo preparato per voi un nuovo sito web per rendere tutto pi\u00f9 chiaro. Quindi dai un&#8217;occhiata a <a href=\"http:\/\/www.pujcovna-dodavek-asap.cz\">www.pujcovna-dodavek-asap.cz<\/a> .<\/p>\n<p>&nbsp;<\/p>\n<style>\r\n    @media only screen and (max-width: 600px) {\r\n        .vypis-table td:nth-of-type(1):before { content: \"Gruppo\"; margin-top:5px; }\r\n        .vypis-table td:nth-of-type(2):before { content: \"Tipo di auto\"; margin-top:5px; }\r\n        .vypis-table td:nth-of-type(3):before { content: \"Porta\"; margin-top:5px; }\r\n        .vypis-table td:nth-of-type(4):before { \r\n        content: \"\"; \r\n        background: url(\"https:\/\/www.praguerentacar.cz\/wp-content\/plugins\/autopujcovna-main\/includes\/shortcodes\/assets\/img\/logo_prevodovka.PNG\"); \r\n        position: absolute; \r\n        z-index: 100000; \r\n        left: 18%; \r\n        height: 30px; \r\n        width: 30px; \r\n        background-size: cover; \r\n    }\r\n        .vypis-table td:nth-of-type(5):before { \r\n        content: \"\"; \r\n        background: url(\"https:\/\/www.praguerentacar.cz\/wp-content\/plugins\/autopujcovna-main\/includes\/shortcodes\/assets\/img\/logo_ac.PNG\"); \r\n        position: absolute; \r\n        z-index: 100000; \r\n        left: 18%; \r\n        height: 30px; \r\n        width: 30px; \r\n        background-size: cover; \r\n    }\r\n        .vypis-table td:nth-of-type(6):before { \r\n        content: \"\"; \r\n        background: url(\"https:\/\/www.praguerentacar.cz\/wp-content\/plugins\/autopujcovna-main\/includes\/shortcodes\/assets\/img\/logo_lidi.PNG\"); \r\n        position: absolute; \r\n        z-index: 100000; \r\n        left: 18%; \r\n        height: 30px; \r\n        width: 30px; \r\n        background-size: cover; \r\n    }\r\n        .vypis-table td:nth-of-type(7):before,\r\n        .vypis-table td:nth-of-type(8):before { content: \"1-2 giorno\"; }\r\n        .vypis-table td:nth-of-type(9):before,\r\n        .vypis-table td:nth-of-type(10):before { content: \"3-6 giorno\"; }\r\n        .vypis-table td:nth-of-type(11):before,\r\n        .vypis-table td:nth-of-type(12):before { content: \"7-30 giorno\"; }\r\n        .vypis-table td:nth-of-type(13):before,\r\n        .vypis-table td:nth-of-type(14):before { content: \"31+ mese\"; }\r\n    }\r\n<\/style><div id=\"cenik\">\r\n            <div class=\"cenik-ovladac\">\r\n                <div class=\"cenik-leva\">\r\n                    <div class=\"cenik-nadpis ovl-li\" attr=\"sks\">PREZZI IVA INCLUSA<\/div>\r\n                <\/div>\r\n                <div class=\"cenik-prava\">\r\n                    <div class=\"cenik-nadpis ovl-li\" attr=\"bks\">PREZZI SENZA IVA<\/div>\r\n                <\/div>\r\n            <\/div>\r\n            <div id=\"vypis\">\r\n                <div class=\"vypis-nadpis sks \">PREZZI IVA INCLUSA<\/div>\r\n                <div class=\"vypis-nadpis bks\">PREZZI SENZA IVA<\/div>\r\n            <\/div><table class=\"vypis-table sks skb bks bkb sds sdb bds bdb\" role=\"table\" id=\"scrollto\"><thead role=\"rowgroup\"><tr style=\"height:0px;\" role=\"row\"><th rowspan=\"2\" role=\"columnheader\">Gruppo<\/th><th rowspan=\"2\" role=\"columnheader\">Tipo di auto<\/th><th rowspan=\"2\" role=\"columnheader\">Porta<\/th><th rowspan=\"2\" role=\"columnheader\"><img decoding=\"async\" src=\"https:\/\/www.praguerentacar.cz\/wp-content\/plugins\/autopujcovna-main\/includes\/shortcodes\/assets\/img\/logo_prevodovka.png\" title=\"p\u0159evodovka\"\/><\/th><th rowspan=\"2\" role=\"columnheader\"><img decoding=\"async\" src=\"https:\/\/www.praguerentacar.cz\/wp-content\/plugins\/autopujcovna-main\/includes\/shortcodes\/assets\/img\/logo_ac.png\" title=\"klimatizace\"\/><\/th><th rowspan=\"2\" role=\"columnheader\"><img decoding=\"async\" src=\"https:\/\/www.praguerentacar.cz\/wp-content\/plugins\/autopujcovna-main\/includes\/shortcodes\/assets\/img\/logo_lidi.png\" title=\"Po\u010det osob\"\/><\/th><th colspan=\"4\" class=\"sks skb bks bkb\" role=\"columnheader\">Prezzo in CZK al giorno<\/th><th colspan=\"4\" class=\"sds sdb bds bdb\" role=\"columnheader\">Prezzo in CZK al mese<\/th><th rowspan=\"2\" role=\"columnheader\"><\/th><\/tr><tr style=\"border:none;height:0px;\" role=\"row\" role=\"columnheader\"><th class=\"sks bks\">1-2<\/th><th class=\"sks bks\">3-6<\/th><th class=\"sks bks\">7-30<\/th><th class=\"sks bks\">31+<\/th><\/tr><\/thead><tbody role=\"rowgroup\"><tr role=\"row\"><td>Economica<\/td><td role=\"cell\">\u0160koda Citigo<\/td><td role=\"cell\">3<\/td><td role=\"cell\">Manuale<\/td><td role=\"cell\">No<\/td><td role=\"cell\">4<\/td><td role=\"cell\" class=\"sks\">908<\/td><td role=\"cell\" class=\"bks\">750<\/td><td role=\"cell\" class=\"sks\">847<\/td><td role=\"cell\" class=\"bks\">700<\/td><td role=\"cell\" class=\"sks\">726<\/td><td role=\"cell\" class=\"bks\">600<\/td><td role=\"cell\" class=\"sks\">13915<\/td><td role=\"cell\" class=\"bks\">11500<\/td><td role=\"cell\"><a class=\"tlac-rez\" href=\"https:\/\/www.praguerentacar.cz\/it\/rezervace\/?car=5884\">Prenotazione<\/a><\/td><\/tr><tr role=\"row\"><td>Economica<\/td><td role=\"cell\">\u0160koda Fabia<\/td><td role=\"cell\">4<\/td><td role=\"cell\">Manuale<\/td><td role=\"cell\">S\u00ec<\/td><td role=\"cell\">5<\/td><td role=\"cell\" class=\"sks\">1089<\/td><td role=\"cell\" class=\"bks\">900<\/td><td role=\"cell\" class=\"sks\">1029<\/td><td role=\"cell\" class=\"bks\">850<\/td><td role=\"cell\" class=\"sks\">968<\/td><td role=\"cell\" class=\"bks\">800<\/td><td role=\"cell\" class=\"sks\">16940<\/td><td role=\"cell\" class=\"bks\">14000<\/td><td role=\"cell\"><a class=\"tlac-rez\" href=\"https:\/\/www.praguerentacar.cz\/it\/rezervace\/?car=5893\">Prenotazione<\/a><\/td><\/tr><tr role=\"row\"><td>Standard<\/td><td role=\"cell\">Renault Clio automat<\/td><td role=\"cell\">3<\/td><td role=\"cell\">Automatica<\/td><td role=\"cell\">S\u00ec<\/td><td role=\"cell\">5<\/td><td role=\"cell\" class=\"sks\">1089<\/td><td role=\"cell\" class=\"bks\">900<\/td><td role=\"cell\" class=\"sks\">1029<\/td><td role=\"cell\" class=\"bks\">850<\/td><td role=\"cell\" class=\"sks\">968<\/td><td role=\"cell\" class=\"bks\">800<\/td><td role=\"cell\" class=\"sks\">16940<\/td><td role=\"cell\" class=\"bks\">14000<\/td><td role=\"cell\"><a class=\"tlac-rez\" href=\"https:\/\/www.praguerentacar.cz\/it\/rezervace\/?car=5902\">Prenotazione<\/a><\/td><\/tr><tr role=\"row\"><td>Economica<\/td><td role=\"cell\">\u0160koda Fabia combi<\/td><td role=\"cell\">5<\/td><td role=\"cell\">Manuale<\/td><td role=\"cell\">S\u00ec<\/td><td role=\"cell\">5<\/td><td role=\"cell\" class=\"sks\">1089<\/td><td role=\"cell\" class=\"bks\">900<\/td><td role=\"cell\" class=\"sks\">1029<\/td><td role=\"cell\" class=\"bks\">850<\/td><td role=\"cell\" class=\"sks\">968<\/td><td role=\"cell\" class=\"bks\">800<\/td><td role=\"cell\" class=\"sks\">18150<\/td><td role=\"cell\" class=\"bks\">15000<\/td><td role=\"cell\"><a class=\"tlac-rez\" href=\"https:\/\/www.praguerentacar.cz\/it\/rezervace\/?car=5911\">Prenotazione<\/a><\/td><\/tr><tr role=\"row\"><td>Standard<\/td><td role=\"cell\">Hyundai i30 combi<\/td><td role=\"cell\">5<\/td><td role=\"cell\">Manuale<\/td><td role=\"cell\">S\u00ec<\/td><td role=\"cell\">5<\/td><td role=\"cell\" class=\"sks\">1271<\/td><td role=\"cell\" class=\"bks\">1050<\/td><td role=\"cell\" class=\"sks\">1150<\/td><td role=\"cell\" class=\"bks\">950<\/td><td role=\"cell\" class=\"sks\">1029<\/td><td role=\"cell\" class=\"bks\">850<\/td><td role=\"cell\" class=\"sks\">21780<\/td><td role=\"cell\" class=\"bks\">18000<\/td><td role=\"cell\"><a class=\"tlac-rez\" href=\"https:\/\/www.praguerentacar.cz\/it\/rezervace\/?car=5920\">Prenotazione<\/a><\/td><\/tr><tr role=\"row\"><td>Standard<\/td><td role=\"cell\">Renault Megan combi automat<\/td><td role=\"cell\">5<\/td><td role=\"cell\">Automatica<\/td><td role=\"cell\">S\u00ec<\/td><td role=\"cell\">5<\/td><td role=\"cell\" class=\"sks\">1271<\/td><td role=\"cell\" class=\"bks\">1050<\/td><td role=\"cell\" class=\"sks\">1150<\/td><td role=\"cell\" class=\"bks\">950<\/td><td role=\"cell\" class=\"sks\">1029<\/td><td role=\"cell\" class=\"bks\">850<\/td><td role=\"cell\" class=\"sks\">21780<\/td><td role=\"cell\" class=\"bks\">18000<\/td><td role=\"cell\"><a class=\"tlac-rez\" href=\"https:\/\/www.praguerentacar.cz\/it\/rezervace\/?car=5929\">Prenotazione<\/a><\/td><\/tr><tr role=\"row\"><td>Standard<\/td><td role=\"cell\">Renault Megan combi<\/td><td role=\"cell\">5<\/td><td role=\"cell\">Manuale<\/td><td role=\"cell\">S\u00ec<\/td><td role=\"cell\">5<\/td><td role=\"cell\" class=\"sks\">1271<\/td><td role=\"cell\" class=\"bks\">1050<\/td><td role=\"cell\" class=\"sks\">1150<\/td><td role=\"cell\" class=\"bks\">950<\/td><td role=\"cell\" class=\"sks\">1029<\/td><td role=\"cell\" class=\"bks\">850<\/td><td role=\"cell\" class=\"sks\">21780<\/td><td role=\"cell\" class=\"bks\">18000<\/td><td role=\"cell\"><a class=\"tlac-rez\" href=\"https:\/\/www.praguerentacar.cz\/it\/rezervace\/?car=5938\">Prenotazione<\/a><\/td><\/tr><tr role=\"row\"><td>Byznys<\/td><td role=\"cell\">Opel Astra combi<\/td><td role=\"cell\">5<\/td><td role=\"cell\">Manuale<\/td><td role=\"cell\">S\u00ec<\/td><td role=\"cell\">5<\/td><td role=\"cell\" class=\"sks\">1331<\/td><td role=\"cell\" class=\"bks\">1100<\/td><td role=\"cell\" class=\"sks\">1210<\/td><td role=\"cell\" class=\"bks\">1000<\/td><td role=\"cell\" class=\"sks\">1150<\/td><td role=\"cell\" class=\"bks\">950<\/td><td role=\"cell\" class=\"sks\">24200<\/td><td role=\"cell\" class=\"bks\">20000<\/td><td role=\"cell\"><a class=\"tlac-rez\" href=\"https:\/\/www.praguerentacar.cz\/it\/rezervace\/?car=5947\">Prenotazione<\/a><\/td><\/tr><tr role=\"row\"><td>Byznys<\/td><td role=\"cell\">\u0160koda Octavia combi<\/td><td role=\"cell\">5<\/td><td role=\"cell\">Manuale<\/td><td role=\"cell\">S\u00ec<\/td><td role=\"cell\">5<\/td><td role=\"cell\" class=\"sks\">1331<\/td><td role=\"cell\" class=\"bks\">1100<\/td><td role=\"cell\" class=\"sks\">1210<\/td><td role=\"cell\" class=\"bks\">1000<\/td><td role=\"cell\" class=\"sks\">1150<\/td><td role=\"cell\" class=\"bks\">950<\/td><td role=\"cell\" class=\"sks\">25410<\/td><td role=\"cell\" class=\"bks\">21000<\/td><td role=\"cell\"><a class=\"tlac-rez\" href=\"https:\/\/www.praguerentacar.cz\/it\/rezervace\/?car=5956\">Prenotazione<\/a><\/td><\/tr><tr role=\"row\"><td>Byznys<\/td><td role=\"cell\">Toyota Avensis combi<\/td><td role=\"cell\">5<\/td><td role=\"cell\">Manuale<\/td><td role=\"cell\">S\u00ec<\/td><td role=\"cell\">5<\/td><td role=\"cell\" class=\"sks\">1331<\/td><td role=\"cell\" class=\"bks\">1100<\/td><td role=\"cell\" class=\"sks\">1271<\/td><td role=\"cell\" class=\"bks\">1050<\/td><td role=\"cell\" class=\"sks\">1150<\/td><td role=\"cell\" class=\"bks\">950<\/td><td role=\"cell\" class=\"sks\">25410<\/td><td role=\"cell\" class=\"bks\">21000<\/td><td role=\"cell\"><a class=\"tlac-rez\" href=\"https:\/\/www.praguerentacar.cz\/it\/rezervace\/?car=5965\">Prenotazione<\/a><\/td><\/tr><tr role=\"row\"><td>Standard<\/td><td role=\"cell\">Toyota Auris Hybrid<\/td><td role=\"cell\">5<\/td><td role=\"cell\">Automatica<\/td><td role=\"cell\">S\u00ec<\/td><td role=\"cell\">5<\/td><td role=\"cell\" class=\"sks\">1392<\/td><td role=\"cell\" class=\"bks\">1150<\/td><td role=\"cell\" class=\"sks\">1331<\/td><td role=\"cell\" class=\"bks\">1100<\/td><td role=\"cell\" class=\"sks\">1271<\/td><td role=\"cell\" class=\"bks\">1050<\/td><td role=\"cell\" class=\"sks\">26620<\/td><td role=\"cell\" class=\"bks\">22000<\/td><td role=\"cell\"><a class=\"tlac-rez\" href=\"https:\/\/www.praguerentacar.cz\/it\/rezervace\/?car=5974\">Prenotazione<\/a><\/td><\/tr><tr role=\"row\"><td>Standard<\/td><td role=\"cell\">Toyota Corolla Hybrid combi<\/td><td role=\"cell\">5<\/td><td role=\"cell\">Automatica<\/td><td role=\"cell\">S\u00ec<\/td><td role=\"cell\">5<\/td><td role=\"cell\" class=\"sks\">1392<\/td><td role=\"cell\" class=\"bks\">1150<\/td><td role=\"cell\" class=\"sks\">1331<\/td><td role=\"cell\" class=\"bks\">1100<\/td><td role=\"cell\" class=\"sks\">1271<\/td><td role=\"cell\" class=\"bks\">1050<\/td><td role=\"cell\" class=\"sks\">26620<\/td><td role=\"cell\" class=\"bks\">22000<\/td><td role=\"cell\"><a class=\"tlac-rez\" href=\"https:\/\/www.praguerentacar.cz\/it\/rezervace\/?car=5983\">Prenotazione<\/a><\/td><\/tr><tr role=\"row\"><td>Standard<\/td><td role=\"cell\">\u0160koda Octavia combi automat<\/td><td role=\"cell\">5<\/td><td role=\"cell\">Automatica<\/td><td role=\"cell\">S\u00ec<\/td><td role=\"cell\">5<\/td><td role=\"cell\" class=\"sks\">1452<\/td><td role=\"cell\" class=\"bks\">1200<\/td><td role=\"cell\" class=\"sks\">1392<\/td><td role=\"cell\" class=\"bks\">1150<\/td><td role=\"cell\" class=\"sks\">1331<\/td><td role=\"cell\" class=\"bks\">1100<\/td><td role=\"cell\" class=\"sks\">29040<\/td><td role=\"cell\" class=\"bks\">24000<\/td><td role=\"cell\"><a class=\"tlac-rez\" href=\"https:\/\/www.praguerentacar.cz\/it\/rezervace\/?car=5992\">Prenotazione<\/a><\/td><\/tr><tr role=\"row\"><td>Standard<\/td><td role=\"cell\">\u0160koda Kodiaq, automat<\/td><td role=\"cell\">5<\/td><td role=\"cell\">Automatica<\/td><td role=\"cell\">S\u00ec<\/td><td role=\"cell\">7<\/td><td role=\"cell\" class=\"sks\">4235<\/td><td role=\"cell\" class=\"bks\">3500<\/td><td role=\"cell\" class=\"sks\">3993<\/td><td role=\"cell\" class=\"bks\">3300<\/td><td role=\"cell\" class=\"sks\">3751<\/td><td role=\"cell\" class=\"bks\">3100<\/td><td role=\"cell\" class=\"sks\">42350<\/td><td role=\"cell\" class=\"bks\">35000<\/td><td role=\"cell\"><a class=\"tlac-rez\" href=\"https:\/\/www.praguerentacar.cz\/it\/rezervace\/?car=6001\">Prenotazione<\/a><\/td><\/tr><tr role=\"row\"><td>Multiposto<\/td><td role=\"cell\">Toyota Proace combi L &#8211; 9 m\u00edst, manual<\/td><td role=\"cell\">5<\/td><td role=\"cell\">Manuale<\/td><td role=\"cell\">S\u00ec<\/td><td role=\"cell\">9<\/td><td role=\"cell\" class=\"sks\">3025<\/td><td role=\"cell\" class=\"bks\">2500<\/td><td role=\"cell\" class=\"sks\">2844<\/td><td role=\"cell\" class=\"bks\">2350<\/td><td role=\"cell\" class=\"sks\">2541<\/td><td role=\"cell\" class=\"bks\">2100<\/td><td role=\"cell\" class=\"sks\">33880<\/td><td role=\"cell\" class=\"bks\">28000<\/td><td role=\"cell\"><a class=\"tlac-rez\" href=\"https:\/\/www.praguerentacar.cz\/it\/rezervace\/?car=6010\">Prenotazione<\/a><\/td><\/tr><tr role=\"row\"><td>Multiposto<\/td><td role=\"cell\">Toyota Proace Verso L2 \u2013 9 m\u00edst, automat<\/td><td role=\"cell\">5<\/td><td role=\"cell\">Automatica<\/td><td role=\"cell\">S\u00ec<\/td><td role=\"cell\">9<\/td><td role=\"cell\" class=\"sks\">3025<\/td><td role=\"cell\" class=\"bks\">2500<\/td><td role=\"cell\" class=\"sks\">2844<\/td><td role=\"cell\" class=\"bks\">2350<\/td><td role=\"cell\" class=\"sks\">2541<\/td><td role=\"cell\" class=\"bks\">2100<\/td><td role=\"cell\" class=\"sks\">33880<\/td><td role=\"cell\" class=\"bks\">28000<\/td><td role=\"cell\"><a class=\"tlac-rez\" href=\"https:\/\/www.praguerentacar.cz\/it\/rezervace\/?car=6019\">Prenotazione<\/a><\/td><\/tr><tr role=\"row\"><td>Multiposto<\/td><td role=\"cell\">Renault Master 7 m\u00edst<\/td><td role=\"cell\">5<\/td><td role=\"cell\">Manuale<\/td><td role=\"cell\">S\u00ec<\/td><td role=\"cell\">7<\/td><td role=\"cell\" class=\"sks\">3509<\/td><td role=\"cell\" class=\"bks\">2900<\/td><td role=\"cell\" class=\"sks\">3025<\/td><td role=\"cell\" class=\"bks\">2500<\/td><td role=\"cell\" class=\"sks\">2541<\/td><td role=\"cell\" class=\"bks\">2100<\/td><td role=\"cell\" class=\"sks\">38115<\/td><td role=\"cell\" class=\"bks\">31500<\/td><td role=\"cell\"><a class=\"tlac-rez\" href=\"https:\/\/www.praguerentacar.cz\/it\/rezervace\/?car=6028\">Prenotazione<\/a><\/td><\/tr><tr role=\"row\"><td>Commerciali<\/td><td role=\"cell\">Renault Kangoo<\/td><td role=\"cell\">3<\/td><td role=\"cell\">Manuale<\/td><td role=\"cell\">S\u00ec<\/td><td role=\"cell\">2<\/td><td role=\"cell\" class=\"sks\">1089<\/td><td role=\"cell\" class=\"bks\">900<\/td><td role=\"cell\" class=\"sks\">1029<\/td><td role=\"cell\" class=\"bks\">850<\/td><td role=\"cell\" class=\"sks\">968<\/td><td role=\"cell\" class=\"bks\">800<\/td><td role=\"cell\" class=\"sks\">21780<\/td><td role=\"cell\" class=\"bks\">18000<\/td><td role=\"cell\"><a class=\"tlac-rez\" href=\"https:\/\/www.praguerentacar.cz\/it\/rezervace\/?car=6037\">Prenotazione<\/a><\/td><\/tr><tr role=\"row\"><td>Commerciali<\/td><td role=\"cell\">Renault Kangoo Express<\/td><td role=\"cell\">3<\/td><td role=\"cell\">Manuale<\/td><td role=\"cell\">S\u00ec<\/td><td role=\"cell\">2<\/td><td role=\"cell\" class=\"sks\">1452<\/td><td role=\"cell\" class=\"bks\">1200<\/td><td role=\"cell\" class=\"sks\">1186<\/td><td role=\"cell\" class=\"bks\">980<\/td><td role=\"cell\" class=\"sks\">968<\/td><td role=\"cell\" class=\"bks\">800<\/td><td role=\"cell\" class=\"sks\">21780<\/td><td role=\"cell\" class=\"bks\">18000<\/td><td role=\"cell\"><a class=\"tlac-rez\" href=\"https:\/\/www.praguerentacar.cz\/it\/rezervace\/?car=6046\">Prenotazione<\/a><\/td><\/tr><tr role=\"row\"><td>Commerciali<\/td><td role=\"cell\">Renault Master L3H2P3<\/td><td role=\"cell\">3<\/td><td role=\"cell\">Manuale<\/td><td role=\"cell\">S\u00ec<\/td><td role=\"cell\">3<\/td><td role=\"cell\" class=\"sks\">2178<\/td><td role=\"cell\" class=\"bks\">1800<\/td><td role=\"cell\" class=\"sks\">2178<\/td><td role=\"cell\" class=\"bks\">1800<\/td><td role=\"cell\" class=\"sks\">1815<\/td><td role=\"cell\" class=\"bks\">1500<\/td><td role=\"cell\" class=\"sks\">32670<\/td><td role=\"cell\" class=\"bks\">27000<\/td><td role=\"cell\"><a class=\"tlac-rez\" href=\"https:\/\/www.praguerentacar.cz\/it\/rezervace\/?car=6055\">Prenotazione<\/a><\/td><\/tr><tr role=\"row\"><td>Standard<\/td><td role=\"cell\">\u0160koda Superb combi automat<\/td><td role=\"cell\">3<\/td><td role=\"cell\">Automatica<\/td><td role=\"cell\">S\u00ec<\/td><td role=\"cell\">3<\/td><td role=\"cell\" class=\"sks\">1876<\/td><td role=\"cell\" class=\"bks\">1550<\/td><td role=\"cell\" class=\"sks\">1755<\/td><td role=\"cell\" class=\"bks\">1450<\/td><td role=\"cell\" class=\"sks\">1573<\/td><td role=\"cell\" class=\"bks\">1300<\/td><td role=\"cell\" class=\"sks\">32670<\/td><td role=\"cell\" class=\"bks\">27000<\/td><td role=\"cell\"><a class=\"tlac-rez\" href=\"https:\/\/www.praguerentacar.cz\/it\/rezervace\/?car=6064\">Prenotazione<\/a><\/td><\/tr><\/tbody><\/table><\/div>\n<p>&nbsp;<\/p>\n<div class=\"head_text\">\n<h2><strong>Cauzione<\/strong><\/h2>\n<\/div>\n<p>&nbsp;<\/p>\n<p>[\/et_pb_text][dvmd_table_maker tbl_row_header_count=&#8221;0&#8243; tbl_responsive_breakpoint=&#8221;max_width_767&#8243; tbl_stripes_active=&#8221;on&#8221; tbl_stripes_order=&#8221;odd&#8221; tbl_stripes_tint=&#8221;-4&#8243; tbl_tcell_cell_align_horz=&#8221;center&#8221; tbl_tcell_cell_align_vert=&#8221;center&#8221; _builder_version=&#8221;4.25.0&#8243; _module_preset=&#8221;default&#8221; tbl_tcell_text_font_size=&#8221;16px&#8221; background_color=&#8221;#c9c9c9&#8243; global_colors_info=&#8221;{}&#8221;][dvmd_table_maker_item col_content=&#8221;<br \/>\nEconomy<br \/>\nStandard<br \/>\nBusiness<br \/>\nMultiseats<br \/>\nU\u017eitkov\u00e9 \/ Van&#8221; col_icon_type=&#8221;&#x22;||divi||400&#8243; col_icon_size=&#8221;1em&#8221; _builder_version=&#8221;4.25.0&#8243; _module_preset=&#8221;default&#8221; global_colors_info=&#8221;{}&#8221;][\/dvmd_table_maker_item][dvmd_table_maker_item col_content=&#8221;CZK<br \/>\n5000<br \/>\n10000<br \/>\n10000<br \/>\n15000<br \/>\n10000 &#8211; 15000&#8243; _builder_version=&#8221;4.25.0&#8243; _module_preset=&#8221;default&#8221; global_colors_info=&#8221;{}&#8221;][\/dvmd_table_maker_item][dvmd_table_maker_item col_content=&#8221;EUR<br \/>\n200<br \/>\n400<br \/>\n400<br \/>\n600<br \/>\n400 &#8211; 600&#8243; _builder_version=&#8221;4.25.0&#8243; _module_preset=&#8221;default&#8221; global_colors_info=&#8221;{}&#8221;][\/dvmd_table_maker_item][dvmd_table_maker_item col_content=&#8221;USD<br \/>\n250<br \/>\n500<br \/>\n500<br \/>\n750<br \/>\n500 &#8211; 750&#8243; _builder_version=&#8221;4.25.0&#8243; _module_preset=&#8221;default&#8221; global_colors_info=&#8221;{}&#8221;][\/dvmd_table_maker_item][\/dvmd_table_maker][\/et_pb_column][\/et_pb_row][\/et_pb_section]<\/p>\n","protected":false},"excerpt":{"rendered":"<p>[et_pb_section fb_built=&#8221;1&#8243; _builder_version=&#8221;4.16&#8243; global_colors_info=&#8221;{}&#8221;][et_pb_row _builder_version=&#8221;4.16&#8243; background_size=&#8221;initial&#8221; background_position=&#8221;top_left&#8221; background_repeat=&#8221;repeat&#8221; global_colors_info=&#8221;{}&#8221;][et_pb_column type=&#8221;4_4&#8243; _builder_version=&#8221;4.16&#8243; custom_padding=&#8221;|||&#8221; global_colors_info=&#8221;{}&#8221; custom_padding__hover=&#8221;|||&#8221;][et_pb_text _builder_version=&#8221;4.17.6&#8243; _module_preset=&#8221;default&#8221; header_font=&#8221;Teko||||||||&#8221; global_colors_info=&#8221;{}&#8221;] LISTINO PREZZI [\/et_pb_text][et_pb_text _builder_version=&#8221;4.16&#8243; background_size=&#8221;initial&#8221; background_position=&#8221;top_left&#8221; background_repeat=&#8221;repeat&#8221; custom_padding=&#8221;|||0px||&#8221; inline_fonts=&#8221;Asap&#8221; global_colors_info=&#8221;{}&#8221;] Grazie per aver scelto la nostra compagnia di autonoleggio per aver scelto un&#8217;auto da noleggiare. Noleggiamo auto dal 2006! Puoi scegliere la tariffa pi\u00f9 adatta a te. [&hellip;]<\/p>\n","protected":false},"author":1,"featured_media":0,"parent":0,"menu_order":0,"comment_status":"closed","ping_status":"closed","template":"","meta":{"_et_pb_use_builder":"on","_et_pb_old_content":"","_et_gb_content_width":"","footnotes":""},"class_list":["post-1006","page","type-page","status-publish","hentry"],"_links":{"self":[{"href":"https:\/\/www.praguerentacar.cz\/it\/wp-json\/wp\/v2\/pages\/1006","targetHints":{"allow":["GET"]}}],"collection":[{"href":"https:\/\/www.praguerentacar.cz\/it\/wp-json\/wp\/v2\/pages"}],"about":[{"href":"https:\/\/www.praguerentacar.cz\/it\/wp-json\/wp\/v2\/types\/page"}],"author":[{"embeddable":true,"href":"https:\/\/www.praguerentacar.cz\/it\/wp-json\/wp\/v2\/users\/1"}],"replies":[{"embeddable":true,"href":"https:\/\/www.praguerentacar.cz\/it\/wp-json\/wp\/v2\/comments?post=1006"}],"version-history":[{"count":9,"href":"https:\/\/www.praguerentacar.cz\/it\/wp-json\/wp\/v2\/pages\/1006\/revisions"}],"predecessor-version":[{"id":5185,"href":"https:\/\/www.praguerentacar.cz\/it\/wp-json\/wp\/v2\/pages\/1006\/revisions\/5185"}],"wp:attachment":[{"href":"https:\/\/www.praguerentacar.cz\/it\/wp-json\/wp\/v2\/media?parent=1006"}],"curies":[{"name":"wp","href":"https:\/\/api.w.org\/{rel}","templated":true}]}}