{"id":987,"date":"2014-12-02T11:19:50","date_gmt":"2014-12-02T10:19:50","guid":{"rendered":"http:\/\/www.neverending.eu\/?page_id=987"},"modified":"2022-08-15T21:06:21","modified_gmt":"2022-08-15T19:06:21","slug":"kontakt-2","status":"publish","type":"page","link":"https:\/\/www.praguerentacar.cz\/ru\/kontakt-2\/","title":{"rendered":"K\u043e\u043d\u0442\u0430\u043a\u0442"},"content":{"rendered":"<p>[et_pb_section fb_built=&#187;1&#8243; _builder_version=&#187;4.16&#8243; global_colors_info=&#187;{}&#187;][et_pb_row _builder_version=&#187;4.16&#8243; background_size=&#187;initial&#187; background_position=&#187;top_left&#187; background_repeat=&#187;repeat&#187; global_colors_info=&#187;{}&#187;][et_pb_column type=&#187;4_4&#8243; _builder_version=&#187;4.16&#8243; custom_padding=&#187;|||&#187; global_colors_info=&#187;{}&#187; custom_padding__hover=&#187;|||&#187;][et_pb_text _builder_version=&#187;4.16&#8243; background_size=&#187;initial&#187; background_position=&#187;top_left&#187; background_repeat=&#187;repeat&#187; global_colors_info=&#187;{}&#187;]<\/p>\n<h2><\/h2>\n<table class=\"table\">\n<tbody>\n<tr>\n<th valign=\"top\"><span class=\"VIiyi\" jsaction=\"mouseup:BR6jm\" jsname=\"jqKxS\" lang=\"ru\"><span jsaction=\"agoMJf:PFBcW;usxOmf:aWLT7;jhKsnd:P7O7bd,F8DmGf;Q4AGo:Gm7gYd,qAKMYb;uFUCPb:pvnm0e,pfE8Hb,PFBcW;f56efd:dJXsye;EnoYf:KNzws,ZJsZZ,JgVSJc;zdMJQc:cCQNKb,ZJsZZ,zchEXc;Ytrrj:JJDvdc;tNR8yc:GeFvjb;oFN6Ye:hij5Wb;bmeZHc:iURhpf;Oxj3Xe:qAKMYb,yaf12d\" jsname=\"txFAF\" class=\"JLqJ4b ChMk0b\" data-language-for-alternatives=\"ru\" data-language-to-translate-into=\"en\" data-phrase-index=\"0\" data-number-of-phrases=\"1\" jscontroller=\"Zl5N8\" jsdata=\"uqLsIf;_;$1447\" jsmodel=\"SsMkhd\"><span class=\"Q4iAWc\" jsaction=\"click:qtZ4nf,GFf3ac,tMZCfe; contextmenu:Nqw7Te,QP7LD; mouseout:Nqw7Te; mouseover:qtZ4nf,c2aHje\" jsname=\"W297wb\">\u0410\u0434\u0440\u0435\u0441:<\/span><\/span><\/span><\/th>\n<td>\n<p><strong>ASAP Rent car, s.r.o.<\/strong><br \/>Modletice 75<br \/>p.Dob\u0159ejovice<br \/>25101 \u0158\u00ed\u010dany\u00a0<\/p>\n<p><span id=\"result_box\" lang=\"ru\"><span class=\"hps\" title=\"Kliknut\u00edm zobraz\u00edte alternativn\u00ed p\u0159eklady\"><span id=\"result_box\" class=\"\" lang=\"ru\"><strong><span class=\"hps\">\u041f\u0440\u0430\u0433\u0430<\/span> <span class=\"hps\">\u0446\u0435\u043d\u0442\u0440 &#8212;<\/span> <span class=\"hps\">\u0434\u043e\u0441\u0442\u0430\u0432\u043a\u0430<\/span> <span class=\"hps\">\u0438 \u0441\u0431\u043e\u0440<\/span> <span class=\"hps\">\u0432 \u043e\u0442\u0435\u043b\u0435<\/span> <span class=\"hps\">\u0431\u0435\u0441\u043f\u043b\u0430\u0442\u043d\u043e<\/span><\/strong>:<br \/><span class=\"hps\">\u041f\u043d<\/span> <span class=\"hps\">&#8212;<\/span> <span class=\"hps\">\u0412\u0441:<\/span> <span class=\"hps\">\u0441 8:00 \u0434\u043e<\/span> <span class=\"hps\">8:00<\/span> <span class=\"hps\">\u0447\u0430\u0441\u043e\u0432 \u0432\u0435\u0447\u0435\u0440\u0430<\/span><br \/><span class=\"hps\">\u0421 20:00<\/span> <span class=\"hps\">\u0434\u043e<\/span> <span class=\"hps\">8:00<\/span> <span class=\"hps\">\u0434\u043e\u043f\u043e\u043b\u043d\u0438\u0442\u0435\u043b\u044c\u043d\u0443\u044e \u043f\u043b\u0430\u0442\u0443<\/span> <span class=\"hps\">\u0434\u043b\u044f<\/span> <span class=\"hps\">\u043e\u0444\u0438\u0441\u0430<\/span> <span class=\"hps\">hours<\/span><\/span><\/span><\/span><\/p>\n<p><span id=\"result_box\" lang=\"ru\"><span class=\"hps\" title=\"Kliknut\u00edm zobraz\u00edte alternativn\u00ed p\u0159eklady\"><span id=\"result_box\" class=\"\" lang=\"ru\"><strong><span class=\"hps\">Airport<\/span> <span class=\"hps\">\u043f\u0440\u0435\u0434\u0435\u043b\u0430\u043c\u0438<\/span> <span class=\"hps\">\u0412\u0430\u0446\u043b\u0430\u0432\u0430 \u0413\u0430\u0432\u0435\u043b\u0430<\/span> <span class=\"hps\">\/<\/span> <span class=\"hps\">\u0420\u0443\u0437\u0438\u043d\u0435<\/span> <span class=\"hps atn\">(<\/span>PRG):<\/strong><br \/><span class=\"hps\">\u041f\u043d<\/span> <span class=\"hps\">&#8212;<\/span> <span class=\"hps\">\u0412\u0441:<\/span> <span class=\"hps\">\u0441 8:00 \u0434\u043e<\/span> <span class=\"hps\">8:00<\/span> <span class=\"hps\">\u0447\u0430\u0441\u043e\u0432 \u0432\u0435\u0447\u0435\u0440\u0430<\/span><br \/><span class=\"hps\">\u0421 20:00<\/span> <span class=\"hps\">\u0434\u043e<\/span> <span class=\"hps\">8:00<\/span> <span class=\"hps\">\u0434\u043e\u043f\u043e\u043b\u043d\u0438\u0442\u0435\u043b\u044c\u043d\u0443\u044e \u043f\u043b\u0430\u0442\u0443<\/span> <span class=\"hps\">\u0434\u043b\u044f<\/span> <span class=\"hps\">\u043d\u0435\u0440\u0430\u0431\u043e\u0447\u0435\u0435 \u0432\u0440\u0435\u043c\u044f<\/span><\/span><\/span><\/span><\/p>\n<\/td>\n<\/tr>\n<tr>\n<th>I\u010cO:<\/th>\n<td>26723301<\/td>\n<\/tr>\n<tr>\n<th>DI\u010c:<\/th>\n<td>CZ 26723301<\/td>\n<\/tr>\n<tr>\n<th valign=\"top\">Tel:<\/th>\n<td>+420 602 307 836 (czech, english, \u043f\u043e-\u0440\u0443\u0441\u0441\u043a\u0438)<br \/>+420 602 307 835 (czech, english)<br \/>+420 602 307 839 (czech, english)<br \/>+420 323 605 521 (czech, english)<\/td>\n<\/tr>\n<tr>\n<th valign=\"top\">Hot line:<\/th>\n<td>+420 602 307 836 or +420 602 307 835<\/td>\n<\/tr>\n<tr>\n<th><\/th>\n<td><\/td>\n<\/tr>\n<tr>\n<th>Email:<\/th>\n<td><a title=\"Kontakt ASAP\" href=\"mailto:asap@asap-rentcar.cz\">asap@asap-rentcar.cz<\/a><\/td>\n<\/tr>\n<tr>\n<th>WWW:<\/th>\n<td><a title=\"Autop\u016fj\u010dovna ASAP Rentcar\" href=\"http:\/\/www.asap-rentcar.cz\">www.asap-rentcar.cz<\/a><br \/><a title=\"Autop\u016fj\u010dovna ASAP Rentcar\" href=\"https:\/\/www.praguerentacar.cz\/\/\">www.autopujcovna-praha.cz<\/a><br \/><a title=\"Autop\u016fj\u010dovna ASAP Rentcar\" href=\"https:\/\/www.praguerentacar.cz\/\">www.praguerentacar.cz<\/a><br \/><a title=\"Autop\u016fj\u010dovna ASAP Rentcar\" href=\"http:\/\/www.carrentalprague.cz\">www.carrentalprague.cz<\/a><\/td>\n<\/tr>\n<tr>\n<th><\/th>\n<td><\/td>\n<\/tr>\n<tr>\n<th><\/th>\n<td><\/td>\n<\/tr>\n<\/tbody>\n<\/table>\n<p>&nbsp;<\/p>\n<p>[\/et_pb_text][\/et_pb_column][\/et_pb_row][\/et_pb_section]<\/p>\n","protected":false},"excerpt":{"rendered":"<p>\u0410\u0434\u0440\u0435\u0441: ASAP Rent car, s.r.o.Modletice 75p.Dob\u0159ejovice25101 \u0158\u00ed\u010dany\u00a0 \u041f\u0440\u0430\u0433\u0430 \u0446\u0435\u043d\u0442\u0440 &#8212; \u0434\u043e\u0441\u0442\u0430\u0432\u043a\u0430 \u0438 \u0441\u0431\u043e\u0440 \u0432 \u043e\u0442\u0435\u043b\u0435 \u0431\u0435\u0441\u043f\u043b\u0430\u0442\u043d\u043e:\u041f\u043d &#8212; \u0412\u0441: \u0441 8:00 \u0434\u043e 8:00 \u0447\u0430\u0441\u043e\u0432 \u0432\u0435\u0447\u0435\u0440\u0430\u0421 20:00 \u0434\u043e 8:00 \u0434\u043e\u043f\u043e\u043b\u043d\u0438\u0442\u0435\u043b\u044c\u043d\u0443\u044e \u043f\u043b\u0430\u0442\u0443 \u0434\u043b\u044f \u043e\u0444\u0438\u0441\u0430 hours Airport \u043f\u0440\u0435\u0434\u0435\u043b\u0430\u043c\u0438 \u0412\u0430\u0446\u043b\u0430\u0432\u0430 \u0413\u0430\u0432\u0435\u043b\u0430 \/ \u0420\u0443\u0437\u0438\u043d\u0435 (PRG):\u041f\u043d &#8212; \u0412\u0441: \u0441 8:00 \u0434\u043e 8:00 \u0447\u0430\u0441\u043e\u0432 \u0432\u0435\u0447\u0435\u0440\u0430\u0421 20:00 \u0434\u043e 8:00 \u0434\u043e\u043f\u043e\u043b\u043d\u0438\u0442\u0435\u043b\u044c\u043d\u0443\u044e \u043f\u043b\u0430\u0442\u0443 \u0434\u043b\u044f \u043d\u0435\u0440\u0430\u0431\u043e\u0447\u0435\u0435 \u0432\u0440\u0435\u043c\u044f [&hellip;]<\/p>\n","protected":false},"author":1,"featured_media":0,"parent":0,"menu_order":0,"comment_status":"closed","ping_status":"closed","template":"","meta":{"_et_pb_use_builder":"on","_et_pb_old_content":"","_et_gb_content_width":"","footnotes":""},"class_list":["post-987","page","type-page","status-publish","hentry"],"_links":{"self":[{"href":"https:\/\/www.praguerentacar.cz\/ru\/wp-json\/wp\/v2\/pages\/987","targetHints":{"allow":["GET"]}}],"collection":[{"href":"https:\/\/www.praguerentacar.cz\/ru\/wp-json\/wp\/v2\/pages"}],"about":[{"href":"https:\/\/www.praguerentacar.cz\/ru\/wp-json\/wp\/v2\/types\/page"}],"author":[{"embeddable":true,"href":"https:\/\/www.praguerentacar.cz\/ru\/wp-json\/wp\/v2\/users\/1"}],"replies":[{"embeddable":true,"href":"https:\/\/www.praguerentacar.cz\/ru\/wp-json\/wp\/v2\/comments?post=987"}],"version-history":[{"count":4,"href":"https:\/\/www.praguerentacar.cz\/ru\/wp-json\/wp\/v2\/pages\/987\/revisions"}],"predecessor-version":[{"id":4415,"href":"https:\/\/www.praguerentacar.cz\/ru\/wp-json\/wp\/v2\/pages\/987\/revisions\/4415"}],"wp:attachment":[{"href":"https:\/\/www.praguerentacar.cz\/ru\/wp-json\/wp\/v2\/media?parent=987"}],"curies":[{"name":"wp","href":"https:\/\/api.w.org\/{rel}","templated":true}]}}